{"id":9289,"date":"2025-10-16T11:36:22","date_gmt":"2025-10-16T15:36:22","guid":{"rendered":"https:\/\/globalintegralbeautyconference.com\/?page_id=9289"},"modified":"2025-10-17T11:15:41","modified_gmt":"2025-10-17T15:15:41","slug":"feedback-survey","status":"publish","type":"page","link":"https:\/\/globalintegralbeautyconference.com\/es\/feedback-survey\/","title":{"rendered":"Feedback Survey"},"content":{"rendered":"<div data-elementor-type=\"wp-page\" data-elementor-id=\"9289\" class=\"elementor elementor-9289\" data-elementor-post-type=\"page\">\n\t\t\t\t\t\t<section class=\"elementor-section elementor-top-section elementor-element elementor-element-66206beb elementor-section-boxed elementor-section-height-default elementor-section-height-default\" data-id=\"66206beb\" data-element_type=\"section\">\n\t\t\t\t\t\t<div class=\"elementor-container elementor-column-gap-default\">\n\t\t\t\t\t<div class=\"elementor-column elementor-col-100 elementor-top-column elementor-element elementor-element-ebd90fe\" data-id=\"ebd90fe\" data-element_type=\"column\">\n\t\t\t<div class=\"elementor-widget-wrap elementor-element-populated\">\n\t\t\t\t\t\t<div class=\"elementor-element elementor-element-372f4cdc elementor-widget elementor-widget-heading\" data-id=\"372f4cdc\" data-element_type=\"widget\" data-widget_type=\"heading.default\">\n\t\t\t\t<div class=\"elementor-widget-container\">\n\t\t\t<h2 class=\"elementor-heading-title elementor-size-default\">Encuesta de Satisfacci\u00f3n \u2013 Global Integral Beauty Conference &amp; Awards 2025<\/h2>\t\t<\/div>\n\t\t\t\t<\/div>\n\t\t\t\t<div class=\"elementor-element elementor-element-2741adb6 elementor-button-align-stretch elementor-widget elementor-widget-form\" data-id=\"2741adb6\" data-element_type=\"widget\" data-settings=\"{&quot;step_next_label&quot;:&quot;Next&quot;,&quot;step_previous_label&quot;:&quot;Previous&quot;,&quot;button_width&quot;:&quot;100&quot;,&quot;step_type&quot;:&quot;number_text&quot;,&quot;step_icon_shape&quot;:&quot;circle&quot;}\" data-widget_type=\"form.default\">\n\t\t\t\t<div class=\"elementor-widget-container\">\n\t\t\t\t\t<form class=\"elementor-form\" method=\"post\" name=\"ENCUESTA DE SATISFACCION\" action=\"\">\n\t\t\t<input type=\"hidden\" name=\"post_id\" value=\"9289\"\/>\n\t\t\t<input type=\"hidden\" name=\"form_id\" value=\"2741adb6\"\/>\n\t\t\t<input type=\"hidden\" name=\"referer_title\" value=\"\" \/>\n\n\t\t\t\n\t\t\t<div class=\"elementor-form-fields-wrapper elementor-labels-above\">\n\t\t\t\t\t\t\t\t<div class=\"elementor-field-type-select elementor-field-group elementor-column elementor-field-group-name elementor-col-50\">\n\t\t\t\t\t\t\t\t\t\t\t\t<label for=\"form-field-name\" class=\"elementor-field-label\">\n\t\t\t\t\t\t\t\t\u00bfC\u00f3mo calificar\u00edas tu experiencia general con los l\u00edderes profesionales en salud, bienestar y est\u00e9tica durante la 4\u00aa edici\u00f3n anual del Global Integral Beauty Conference, la Gala de Premios y el Lanzamiento del Libro?\t\t\t\t\t\t\t<\/label>\n\t\t\t\t\t\t\t\t<div class=\"elementor-field elementor-select-wrapper remove-before\">\n\t\t\t<div class=\"select-caret-down-wrapper\">\n\t\t\t\t<i aria-hidden=\"true\" class=\"eicon-caret-down\"><\/i>\t\t\t<\/div>\n\t\t\t<select name=\"form_fields[name]\" id=\"form-field-name\" class=\"elementor-field-textual elementor-size-sm\">\n\t\t\t\t\t\t\t\t\t<option value=\"\u2b50\u2b50\u2b50\u2b50\u2b50\">\u2b50\u2b50\u2b50\u2b50\u2b50<\/option>\n\t\t\t\t\t\t\t\t\t<option value=\"\u2b50\u2b50\u2b50\u2b50\">\u2b50\u2b50\u2b50\u2b50<\/option>\n\t\t\t\t\t\t\t\t\t<option value=\"\u2b50\u2b50\u2b50\">\u2b50\u2b50\u2b50<\/option>\n\t\t\t\t\t\t\t\t\t<option value=\"\u2b50\u2b50\">\u2b50\u2b50<\/option>\n\t\t\t\t\t\t\t\t\t<option value=\"\u2b50\">\u2b50<\/option>\n\t\t\t\t\t\t\t<\/select>\n\t\t<\/div>\n\t\t\t\t\t\t<\/div>\n\t\t\t\t\t\t\t\t<div class=\"elementor-field-type-select elementor-field-group elementor-column elementor-field-group-field_d5dabf9 elementor-col-50\">\n\t\t\t\t\t\t\t\t\t\t\t\t<label for=\"form-field-field_d5dabf9\" class=\"elementor-field-label\">\n\t\t\t\t\t\t\t\t\u00bfQu\u00e9 tan satisfecho\/a estuviste con la calidad y el profesionalismo de los conferencistas, paneles y presentaciones en vivo?\t\t\t\t\t\t\t<\/label>\n\t\t\t\t\t\t\t\t<div class=\"elementor-field elementor-select-wrapper remove-before\">\n\t\t\t<div class=\"select-caret-down-wrapper\">\n\t\t\t\t<i aria-hidden=\"true\" class=\"eicon-caret-down\"><\/i>\t\t\t<\/div>\n\t\t\t<select name=\"form_fields[field_d5dabf9]\" id=\"form-field-field_d5dabf9\" class=\"elementor-field-textual elementor-size-sm\">\n\t\t\t\t\t\t\t\t\t<option value=\"\u2b50\u2b50\u2b50\u2b50\u2b50\">\u2b50\u2b50\u2b50\u2b50\u2b50<\/option>\n\t\t\t\t\t\t\t\t\t<option value=\"\u2b50\u2b50\u2b50\u2b50\">\u2b50\u2b50\u2b50\u2b50<\/option>\n\t\t\t\t\t\t\t\t\t<option value=\"\u2b50\u2b50\u2b50\">\u2b50\u2b50\u2b50<\/option>\n\t\t\t\t\t\t\t\t\t<option value=\"\u2b50\u2b50\">\u2b50\u2b50<\/option>\n\t\t\t\t\t\t\t\t\t<option value=\"\u2b50\">\u2b50<\/option>\n\t\t\t\t\t\t\t<\/select>\n\t\t<\/div>\n\t\t\t\t\t\t<\/div>\n\t\t\t\t\t\t\t\t<div class=\"elementor-field-type-select elementor-field-group elementor-column elementor-field-group-field_5417332 elementor-col-50\">\n\t\t\t\t\t\t\t\t\t\t\t\t<label for=\"form-field-field_5417332\" class=\"elementor-field-label\">\n\t\t\t\t\t\t\t\t\u00bfQu\u00e9 tan valiosa fue la oportunidad de conectar y crear redes con l\u00edderes profesionales globales de la industria est\u00e9tica y del bienestar?\t\t\t\t\t\t\t<\/label>\n\t\t\t\t\t\t\t\t<div class=\"elementor-field elementor-select-wrapper remove-before\">\n\t\t\t<div class=\"select-caret-down-wrapper\">\n\t\t\t\t<i aria-hidden=\"true\" class=\"eicon-caret-down\"><\/i>\t\t\t<\/div>\n\t\t\t<select name=\"form_fields[field_5417332]\" id=\"form-field-field_5417332\" class=\"elementor-field-textual elementor-size-sm\">\n\t\t\t\t\t\t\t\t\t<option value=\"\u2b50\u2b50\u2b50\u2b50\u2b50\">\u2b50\u2b50\u2b50\u2b50\u2b50<\/option>\n\t\t\t\t\t\t\t\t\t<option value=\"\u2b50\u2b50\u2b50\u2b50\">\u2b50\u2b50\u2b50\u2b50<\/option>\n\t\t\t\t\t\t\t\t\t<option value=\"\u2b50\u2b50\u2b50\">\u2b50\u2b50\u2b50<\/option>\n\t\t\t\t\t\t\t\t\t<option value=\"\u2b50\u2b50\">\u2b50\u2b50<\/option>\n\t\t\t\t\t\t\t\t\t<option value=\"\u2b50\">\u2b50<\/option>\n\t\t\t\t\t\t\t<\/select>\n\t\t<\/div>\n\t\t\t\t\t\t<\/div>\n\t\t\t\t\t\t\t\t<div class=\"elementor-field-type-select elementor-field-group elementor-column elementor-field-group-field_4689bed elementor-col-50\">\n\t\t\t\t\t\t\t\t\t\t\t\t<label for=\"form-field-field_4689bed\" class=\"elementor-field-label\">\n\t\t\t\t\t\t\t\t\u00bfQu\u00e9 tan significativa, relevante e inspiradora fue la experiencia del lanzamiento del libro 4\u00aa Edici\u00f3n Best Seller Global Expert in Integral Beauty para tu crecimiento personal y profesional, y c\u00f3mo contribuy\u00f3 a elevar tu posici\u00f3n y experiencia como l\u00edder destacado\/a en la industria?\t\t\t\t\t\t\t<\/label>\n\t\t\t\t\t\t\t\t<div class=\"elementor-field elementor-select-wrapper remove-before\">\n\t\t\t<div class=\"select-caret-down-wrapper\">\n\t\t\t\t<i aria-hidden=\"true\" class=\"eicon-caret-down\"><\/i>\t\t\t<\/div>\n\t\t\t<select name=\"form_fields[field_4689bed]\" id=\"form-field-field_4689bed\" class=\"elementor-field-textual elementor-size-sm\">\n\t\t\t\t\t\t\t\t\t<option value=\"\u2b50\u2b50\u2b50\u2b50\u2b50\">\u2b50\u2b50\u2b50\u2b50\u2b50<\/option>\n\t\t\t\t\t\t\t\t\t<option value=\"\u2b50\u2b50\u2b50\u2b50\">\u2b50\u2b50\u2b50\u2b50<\/option>\n\t\t\t\t\t\t\t\t\t<option value=\"\u2b50\u2b50\u2b50\">\u2b50\u2b50\u2b50<\/option>\n\t\t\t\t\t\t\t\t\t<option value=\"\u2b50\u2b50\">\u2b50\u2b50<\/option>\n\t\t\t\t\t\t\t\t\t<option value=\"\u2b50\">\u2b50<\/option>\n\t\t\t\t\t\t\t<\/select>\n\t\t<\/div>\n\t\t\t\t\t\t<\/div>\n\t\t\t\t\t\t\t\t<div class=\"elementor-field-type-select elementor-field-group elementor-column elementor-field-group-field_f1ddc3d elementor-col-50\">\n\t\t\t\t\t\t\t\t\t\t\t\t<label for=\"form-field-field_f1ddc3d\" class=\"elementor-field-label\">\n\t\t\t\t\t\t\t\t\u00bfQu\u00e9 tan probable es que recomiendes asistir a la pr\u00f3xima 5\u00aa Edici\u00f3n Anual del Global Integral Beauty Conference &amp; Awards 2026 a tus colegas u otros profesionales de tu campo?\t\t\t\t\t\t\t<\/label>\n\t\t\t\t\t\t\t\t<div class=\"elementor-field elementor-select-wrapper remove-before\">\n\t\t\t<div class=\"select-caret-down-wrapper\">\n\t\t\t\t<i aria-hidden=\"true\" class=\"eicon-caret-down\"><\/i>\t\t\t<\/div>\n\t\t\t<select name=\"form_fields[field_f1ddc3d]\" id=\"form-field-field_f1ddc3d\" class=\"elementor-field-textual elementor-size-sm\">\n\t\t\t\t\t\t\t\t\t<option value=\"\u2b50\u2b50\u2b50\u2b50\u2b50\">\u2b50\u2b50\u2b50\u2b50\u2b50<\/option>\n\t\t\t\t\t\t\t\t\t<option value=\"\u2b50\u2b50\u2b50\u2b50\">\u2b50\u2b50\u2b50\u2b50<\/option>\n\t\t\t\t\t\t\t\t\t<option value=\"\u2b50\u2b50\u2b50\">\u2b50\u2b50\u2b50<\/option>\n\t\t\t\t\t\t\t\t\t<option value=\"\u2b50\u2b50\">\u2b50\u2b50<\/option>\n\t\t\t\t\t\t\t\t\t<option value=\"\u2b50\">\u2b50<\/option>\n\t\t\t\t\t\t\t<\/select>\n\t\t<\/div>\n\t\t\t\t\t\t<\/div>\n\t\t\t\t\t\t\t\t<div class=\"elementor-field-type-textarea elementor-field-group elementor-column elementor-field-group-field_4b0017f elementor-col-100\">\n\t\t\t\t\t\t\t\t\t\t\t\t<label for=\"form-field-field_4b0017f\" class=\"elementor-field-label\">\n\t\t\t\t\t\t\t\tComentarios adicionales\t\t\t\t\t\t\t<\/label>\n\t\t\t\t\t\t<textarea class=\"elementor-field-textual elementor-field  elementor-size-sm\" name=\"form_fields[field_4b0017f]\" id=\"form-field-field_4b0017f\" rows=\"4\"><\/textarea>\t\t\t\t<\/div>\n\t\t\t\t\t\t\t\t<div class=\"elementor-field-group elementor-column elementor-field-type-submit elementor-col-100 e-form__buttons\">\n\t\t\t\t\t<button class=\"elementor-button elementor-size-sm\" type=\"submit\">\n\t\t\t\t\t\t<span class=\"elementor-button-content-wrapper\">\n\t\t\t\t\t\t\t\t\t\t\t\t\t\t\t<span class=\"elementor-button-icon\">\n\t\t\t\t\t\t\t\t\t<i aria-hidden=\"true\" class=\"far fa-arrow-alt-circle-right\"><\/i>\t\t\t\t\t\t\t\t\t\t\t\t\t\t\t\t\t<\/span>\n\t\t\t\t\t\t\t\t\t\t\t\t\t\t\t\t\t\t\t\t\t\t<span class=\"elementor-button-text\">ENVIAR<\/span>\n\t\t\t\t\t\t\t\t\t\t\t\t\t<\/span>\n\t\t\t\t\t<\/button>\n\t\t\t\t<\/div>\n\t\t\t<\/div>\n\t\t<input type=\"hidden\" name=\"trp-form-language\" value=\"es\"\/><\/form>\n\t\t\t\t<\/div>\n\t\t\t\t<\/div>\n\t\t\t\t\t<\/div>\n\t\t<\/div>\n\t\t\t\t\t<\/div>\n\t\t<\/section>\n\t\t\t\t<\/div>","protected":false},"excerpt":{"rendered":"<p>Encuesta de Satisfacci\u00f3n \u2013 Global Integral Beauty Conference &amp; Awards 2025<\/p>","protected":false},"author":1,"featured_media":0,"parent":0,"menu_order":0,"comment_status":"closed","ping_status":"closed","template":"","meta":{"footnotes":""},"class_list":["post-9289","page","type-page","status-publish"],"aioseo_notices":[],"_links":{"self":[{"href":"https:\/\/globalintegralbeautyconference.com\/es\/wp-json\/wp\/v2\/pages\/9289","targetHints":{"allow":["GET"]}}],"collection":[{"href":"https:\/\/globalintegralbeautyconference.com\/es\/wp-json\/wp\/v2\/pages"}],"about":[{"href":"https:\/\/globalintegralbeautyconference.com\/es\/wp-json\/wp\/v2\/types\/page"}],"author":[{"embeddable":true,"href":"https:\/\/globalintegralbeautyconference.com\/es\/wp-json\/wp\/v2\/users\/1"}],"replies":[{"embeddable":true,"href":"https:\/\/globalintegralbeautyconference.com\/es\/wp-json\/wp\/v2\/comments?post=9289"}],"version-history":[{"count":13,"href":"https:\/\/globalintegralbeautyconference.com\/es\/wp-json\/wp\/v2\/pages\/9289\/revisions"}],"predecessor-version":[{"id":9304,"href":"https:\/\/globalintegralbeautyconference.com\/es\/wp-json\/wp\/v2\/pages\/9289\/revisions\/9304"}],"wp:attachment":[{"href":"https:\/\/globalintegralbeautyconference.com\/es\/wp-json\/wp\/v2\/media?parent=9289"}],"curies":[{"name":"wp","href":"https:\/\/api.w.org\/{rel}","templated":true}]}}